{"id":705,"date":"2018-10-16T03:55:16","date_gmt":"2018-10-16T03:55:16","guid":{"rendered":"https:\/\/woostify.com\/demos\/fashion1\/?page_id=10"},"modified":"2025-06-04T20:45:07","modified_gmt":"2025-06-04T20:45:07","slug":"my-account-2","status":"publish","type":"page","link":"https:\/\/parfums-33ml.com\/en\/my-account-2\/","title":{"rendered":"MON COMPTE"},"content":{"rendered":"<div class=\"woocommerce\"><\/div>","protected":false},"excerpt":{"rendered":"","protected":false},"author":1,"featured_media":0,"parent":0,"menu_order":0,"comment_status":"closed","ping_status":"closed","template":"","meta":{"_acf_changed":false,"_monsterinsights_skip_tracking":false,"_monsterinsights_sitenote_active":false,"_monsterinsights_sitenote_note":"","_monsterinsights_sitenote_category":0,"footnotes":""},"class_list":["post-705","page","type-page","status-publish","hentry"],"acf":[],"yoast_head":"<!-- This site is optimized with the Yoast SEO plugin v27.5 - https:\/\/yoast.com\/product\/yoast-seo-wordpress\/ -->\n<title>Connexion : PARFUM 33ML<\/title>\n<meta name=\"description\" content=\"Parfum 33ml grossiste de parfum authentique 33ml fournisseur France, Paris. Parfum 33ml direct usine, parfum de poche 33ml grossiste. Prix 3\u20ac\" \/>\n<meta name=\"robots\" content=\"index, follow, max-snippet:-1, max-image-preview:large, max-video-preview:-1\" \/>\n<link rel=\"canonical\" href=\"https:\/\/parfums-33ml.com\/en\/my-account-2\/\" \/>\n<meta property=\"og:locale\" content=\"en_US\" \/>\n<meta property=\"og:type\" content=\"article\" \/>\n<meta property=\"og:title\" content=\"Connexion : PARFUM 33ML\" \/>\n<meta property=\"og:description\" content=\"Parfum 33ml grossiste de parfum authentique 33ml fournisseur France, Paris. Parfum 33ml direct usine, parfum de poche 33ml grossiste. Prix 3\u20ac\" \/>\n<meta property=\"og:url\" content=\"https:\/\/parfums-33ml.com\/en\/my-account-2\/\" \/>\n<meta property=\"og:site_name\" content=\"Parfum 33ml\" \/>\n<meta property=\"article:publisher\" content=\"https:\/\/www.facebook.com\/parfumdepoches\" \/>\n<meta property=\"article:modified_time\" content=\"2025-06-04T20:45:07+00:00\" \/>\n<meta property=\"og:image\" content=\"https:\/\/parfums-33ml.com\/wp-content\/uploads\/2020\/05\/SITE.jpg\" \/>\n\t<meta property=\"og:image:width\" content=\"1203\" \/>\n\t<meta property=\"og:image:height\" content=\"625\" \/>\n\t<meta property=\"og:image:type\" content=\"image\/jpeg\" \/>\n<meta name=\"twitter:card\" content=\"summary_large_image\" \/>\n<meta name=\"twitter:label1\" content=\"Est. reading time\" \/>\n\t<meta name=\"twitter:data1\" content=\"1 minute\" \/>\n<script type=\"application\/ld+json\" class=\"yoast-schema-graph\">{\"@context\":\"https:\\\/\\\/schema.org\",\"@graph\":[{\"@type\":\"WebPage\",\"@id\":\"https:\\\/\\\/parfums-33ml.com\\\/my-account-2\\\/\",\"url\":\"https:\\\/\\\/parfums-33ml.com\\\/my-account-2\\\/\",\"name\":\"Connexion : PARFUM 33ML\",\"isPartOf\":{\"@id\":\"https:\\\/\\\/parfums-33ml.com\\\/#website\"},\"datePublished\":\"2018-10-16T03:55:16+00:00\",\"dateModified\":\"2025-06-04T20:45:07+00:00\",\"description\":\"Parfum 33ml grossiste de parfum authentique 33ml fournisseur France, Paris. Parfum 33ml direct usine, parfum de poche 33ml grossiste. Prix 3\u20ac\",\"breadcrumb\":{\"@id\":\"https:\\\/\\\/parfums-33ml.com\\\/my-account-2\\\/#breadcrumb\"},\"inLanguage\":\"en-US\",\"potentialAction\":[{\"@type\":\"ReadAction\",\"target\":[\"https:\\\/\\\/parfums-33ml.com\\\/my-account-2\\\/\"]}]},{\"@type\":\"BreadcrumbList\",\"@id\":\"https:\\\/\\\/parfums-33ml.com\\\/my-account-2\\\/#breadcrumb\",\"itemListElement\":[{\"@type\":\"ListItem\",\"position\":1,\"name\":\"Home\",\"item\":\"https:\\\/\\\/parfums-33ml.com\\\/\"},{\"@type\":\"ListItem\",\"position\":2,\"name\":\"MON COMPTE\"}]},{\"@type\":\"WebSite\",\"@id\":\"https:\\\/\\\/parfums-33ml.com\\\/#website\",\"url\":\"https:\\\/\\\/parfums-33ml.com\\\/\",\"name\":\"Parfum 33ml\",\"description\":\"Parfum 33ml indispensable\",\"publisher\":{\"@id\":\"https:\\\/\\\/parfums-33ml.com\\\/#organization\"},\"potentialAction\":[{\"@type\":\"SearchAction\",\"target\":{\"@type\":\"EntryPoint\",\"urlTemplate\":\"https:\\\/\\\/parfums-33ml.com\\\/?s={search_term_string}\"},\"query-input\":{\"@type\":\"PropertyValueSpecification\",\"valueRequired\":true,\"valueName\":\"search_term_string\"}}],\"inLanguage\":\"en-US\"},{\"@type\":\"Organization\",\"@id\":\"https:\\\/\\\/parfums-33ml.com\\\/#organization\",\"name\":\"Parfum 33ml\",\"url\":\"https:\\\/\\\/parfums-33ml.com\\\/\",\"logo\":{\"@type\":\"ImageObject\",\"inLanguage\":\"en-US\",\"@id\":\"https:\\\/\\\/parfums-33ml.com\\\/#\\\/schema\\\/logo\\\/image\\\/\",\"url\":\"https:\\\/\\\/parfums-33ml.com\\\/wp-content\\\/uploads\\\/2022\\\/11\\\/LOGO-SITE-PARFUMS-e1668252660261.png\",\"contentUrl\":\"https:\\\/\\\/parfums-33ml.com\\\/wp-content\\\/uploads\\\/2022\\\/11\\\/LOGO-SITE-PARFUMS-e1668252660261.png\",\"width\":198,\"height\":190,\"caption\":\"Parfum 33ml\"},\"image\":{\"@id\":\"https:\\\/\\\/parfums-33ml.com\\\/#\\\/schema\\\/logo\\\/image\\\/\"},\"sameAs\":[\"https:\\\/\\\/www.facebook.com\\\/parfumdepoches\"]}]}<\/script>\n<!-- \/ Yoast SEO plugin. -->","yoast_head_json":{"title":"Connexion : PARFUM 33ML","description":"Parfum 33ml grossiste de parfum authentique 33ml fournisseur France, Paris. Parfum 33ml direct usine, parfum de poche 33ml grossiste. Prix 3\u20ac","robots":{"index":"index","follow":"follow","max-snippet":"max-snippet:-1","max-image-preview":"max-image-preview:large","max-video-preview":"max-video-preview:-1"},"canonical":"https:\/\/parfums-33ml.com\/en\/my-account-2\/","og_locale":"en_US","og_type":"article","og_title":"Connexion : PARFUM 33ML","og_description":"Parfum 33ml grossiste de parfum authentique 33ml fournisseur France, Paris. Parfum 33ml direct usine, parfum de poche 33ml grossiste. Prix 3\u20ac","og_url":"https:\/\/parfums-33ml.com\/en\/my-account-2\/","og_site_name":"Parfum 33ml","article_publisher":"https:\/\/www.facebook.com\/parfumdepoches","article_modified_time":"2025-06-04T20:45:07+00:00","og_image":[{"width":1203,"height":625,"url":"https:\/\/parfums-33ml.com\/wp-content\/uploads\/2020\/05\/SITE.jpg","type":"image\/jpeg"}],"twitter_card":"summary_large_image","twitter_misc":{"Est. reading time":"1 minute"},"schema":{"@context":"https:\/\/schema.org","@graph":[{"@type":"WebPage","@id":"https:\/\/parfums-33ml.com\/my-account-2\/","url":"https:\/\/parfums-33ml.com\/my-account-2\/","name":"Connexion : PARFUM 33ML","isPartOf":{"@id":"https:\/\/parfums-33ml.com\/#website"},"datePublished":"2018-10-16T03:55:16+00:00","dateModified":"2025-06-04T20:45:07+00:00","description":"Parfum 33ml grossiste de parfum authentique 33ml fournisseur France, Paris. Parfum 33ml direct usine, parfum de poche 33ml grossiste. Prix 3\u20ac","breadcrumb":{"@id":"https:\/\/parfums-33ml.com\/my-account-2\/#breadcrumb"},"inLanguage":"en-US","potentialAction":[{"@type":"ReadAction","target":["https:\/\/parfums-33ml.com\/my-account-2\/"]}]},{"@type":"BreadcrumbList","@id":"https:\/\/parfums-33ml.com\/my-account-2\/#breadcrumb","itemListElement":[{"@type":"ListItem","position":1,"name":"Home","item":"https:\/\/parfums-33ml.com\/"},{"@type":"ListItem","position":2,"name":"MON COMPTE"}]},{"@type":"WebSite","@id":"https:\/\/parfums-33ml.com\/#website","url":"https:\/\/parfums-33ml.com\/","name":"Parfum 33ml","description":"Parfum 33ml indispensable","publisher":{"@id":"https:\/\/parfums-33ml.com\/#organization"},"potentialAction":[{"@type":"SearchAction","target":{"@type":"EntryPoint","urlTemplate":"https:\/\/parfums-33ml.com\/?s={search_term_string}"},"query-input":{"@type":"PropertyValueSpecification","valueRequired":true,"valueName":"search_term_string"}}],"inLanguage":"en-US"},{"@type":"Organization","@id":"https:\/\/parfums-33ml.com\/#organization","name":"Parfum 33ml","url":"https:\/\/parfums-33ml.com\/","logo":{"@type":"ImageObject","inLanguage":"en-US","@id":"https:\/\/parfums-33ml.com\/#\/schema\/logo\/image\/","url":"https:\/\/parfums-33ml.com\/wp-content\/uploads\/2022\/11\/LOGO-SITE-PARFUMS-e1668252660261.png","contentUrl":"https:\/\/parfums-33ml.com\/wp-content\/uploads\/2022\/11\/LOGO-SITE-PARFUMS-e1668252660261.png","width":198,"height":190,"caption":"Parfum 33ml"},"image":{"@id":"https:\/\/parfums-33ml.com\/#\/schema\/logo\/image\/"},"sameAs":["https:\/\/www.facebook.com\/parfumdepoches"]}]}},"jetpack_sharing_enabled":true,"post-meta":{"_elementor_controls_usage":["a:0:{}"],"_wxr_import_user_slug":["vahe"],"_edit_lock":["1749069927:1"],"_edit_last":["1"],"site-container":["default"],"site-header-transparent":["default"],"site-page-header":["default"],"site-sidebar":["default"],"_wp_page_template":["default"],"rank_math_robots":["a:1:{i:0;s:5:\"index\";}"],"rank_math_focus_keyword":["mon compte parfum de poche"],"_yoast_wpseo_title":["Connexion : PARFUM 33ML"],"_last_editor_used_jetpack":["block-editor"],"hefo_before":["0"],"hefo_after":["0"],"ao_post_optimize":["a:6:{s:16:\"ao_post_optimize\";s:2:\"on\";s:19:\"ao_post_js_optimize\";s:2:\"on\";s:20:\"ao_post_css_optimize\";s:2:\"on\";s:12:\"ao_post_ccss\";s:2:\"on\";s:16:\"ao_post_lazyload\";s:2:\"on\";s:15:\"ao_post_preload\";s:0:\"\";}"],"_yoast_wpseo_estimated-reading-time-minutes":["1"],"_yoast_wpseo_wordproof_timestamp":[""],"_eael_post_view_count":["529"],"_g_feedback_shortcode_9e2595fbec592049a37c5020c1652284a6bcd628":["\n\t\t\t\t[contact-field label=\"Nom\" type=\"name\"  required=\"true\" \/]\n\t\t\t\t[contact-field label=\"E-mail\" type=\"email\" required=\"true\" \/]\n\t\t\t\t[contact-field label=\"Site web\" type=\"url\" \/]\n\t\t\t\t[contact-field label=\"Message\" type=\"textarea\" \/]"],"_g_feedback_shortcode_atts_9e2595fbec592049a37c5020c1652284a6bcd628":["a:17:{s:2:\"to\";s:17:\"vchgnak@yandex.ru\";s:7:\"subject\";s:24:\"[Parfum 33ml] MON COMPTE\";s:12:\"show_subject\";s:2:\"no\";s:6:\"widget\";i:0;s:14:\"block_template\";N;s:19:\"block_template_part\";N;s:2:\"id\";i:705;s:18:\"submit_button_text\";s:7:\"Envoyer\";s:14:\"customThankyou\";s:0:\"\";s:21:\"customThankyouHeading\";s:29:\"Votre message a \u00e9t\u00e9 envoy\u00e9\";s:21:\"customThankyouMessage\";s:30:\"Merci pour votre soumission\u00a0!\";s:22:\"customThankyouRedirect\";s:0:\"\";s:10:\"jetpackCRM\";b:1;s:9:\"className\";N;s:9:\"postToUrl\";N;s:14:\"salesforceData\";N;s:12:\"hiddenFields\";N;}"],"wp_statistics_words_count":["1"],"_yoast_wpseo_metadesc":["Parfum 33ml grossiste de parfum authentique 33ml fournisseur France, Paris. Parfum 33ml direct usine, parfum de poche 33ml grossiste. Prix 3\u20ac"],"_yoast_wpseo_content_score":["90"]},"_links":{"self":[{"href":"https:\/\/parfums-33ml.com\/en\/wp-json\/wp\/v2\/pages\/705","targetHints":{"allow":["GET"]}}],"collection":[{"href":"https:\/\/parfums-33ml.com\/en\/wp-json\/wp\/v2\/pages"}],"about":[{"href":"https:\/\/parfums-33ml.com\/en\/wp-json\/wp\/v2\/types\/page"}],"author":[{"embeddable":true,"href":"https:\/\/parfums-33ml.com\/en\/wp-json\/wp\/v2\/users\/1"}],"replies":[{"embeddable":true,"href":"https:\/\/parfums-33ml.com\/en\/wp-json\/wp\/v2\/comments?post=705"}],"version-history":[{"count":1,"href":"https:\/\/parfums-33ml.com\/en\/wp-json\/wp\/v2\/pages\/705\/revisions"}],"predecessor-version":[{"id":5364,"href":"https:\/\/parfums-33ml.com\/en\/wp-json\/wp\/v2\/pages\/705\/revisions\/5364"}],"wp:attachment":[{"href":"https:\/\/parfums-33ml.com\/en\/wp-json\/wp\/v2\/media?parent=705"}],"curies":[{"name":"wp","href":"https:\/\/api.w.org\/{rel}","templated":true}]}}